{"id":527,"date":"2024-08-30T12:27:27","date_gmt":"2024-08-30T12:27:27","guid":{"rendered":"https:\/\/umbrella-sky.band\/?page_id=527"},"modified":"2025-02-10T12:56:06","modified_gmt":"2025-02-10T12:56:06","slug":"impressum","status":"publish","type":"page","link":"https:\/\/umbrella-sky.band\/index.php\/impressum\/","title":{"rendered":"Impressum"},"content":{"rendered":"\t\t<div data-elementor-type=\"wp-page\" data-elementor-id=\"527\" class=\"elementor elementor-527\">\n\t\t\t\t<div class=\"elementor-element elementor-element-7ece44d e-flex e-con-boxed e-con e-parent\" data-id=\"7ece44d\" data-element_type=\"container\" data-e-type=\"container\">\n\t\t\t\t\t<div class=\"e-con-inner\">\n\t\t<div class=\"elementor-element elementor-element-1a7bd8e e-con-full e-flex e-con e-child\" data-id=\"1a7bd8e\" data-element_type=\"container\" data-e-type=\"container\">\n\t\t<a class=\"elementor-element elementor-element-7aab7c7 e-con-full e-flex e-con e-child\" data-id=\"7aab7c7\" data-element_type=\"container\" data-e-type=\"container\" href=\"https:\/\/umbrella-sky.band\/\">\n\t\t\t\t<div class=\"elementor-element elementor-element-cd3c7d5 elementor-widget elementor-widget-image\" data-id=\"cd3c7d5\" data-element_type=\"widget\" data-e-type=\"widget\" data-widget_type=\"image.default\">\n\t\t\t\t<div class=\"elementor-widget-container\">\n\t\t\t\t\t\t\t\t\t\t\t\t\t\t\t<img fetchpriority=\"high\" decoding=\"async\" width=\"600\" height=\"350\" src=\"https:\/\/umbrella-sky.band\/wp-content\/uploads\/2024\/10\/umbrella_light.png\" class=\"attachment-full size-full wp-image-701\" alt=\"\" srcset=\"https:\/\/umbrella-sky.band\/wp-content\/uploads\/2024\/10\/umbrella_light.png 600w, https:\/\/umbrella-sky.band\/wp-content\/uploads\/2024\/10\/umbrella_light-300x175.png 300w\" sizes=\"(max-width: 600px) 100vw, 600px\" \/>\t\t\t\t\t\t\t\t\t\t\t\t\t\t\t<\/div>\n\t\t\t\t<\/div>\n\t\t\t\t<div class=\"elementor-element elementor-element-7fb9cf9 elementor-widget-mobile__width-initial elementor-widget elementor-widget-html\" data-id=\"7fb9cf9\" data-element_type=\"widget\" data-e-type=\"widget\" data-widget_type=\"html.default\">\n\t\t\t\t<div class=\"elementor-widget-container\">\n\t\t\t\t\t<style>\n:root {\n    --pink_lighter: #ff47ce;\n    --pink_washed: #FF90E1;\n    --pink: #f301b1;\n    --pink_darker: #a8007b;\n}\n\n  .neonTitle {\n      z-index: -1;\n      font-size: 43px;\n      font-weight: 700;\n      font-family: \"Stencil Outline\";\n    color: var(--pink_washed);\n    text-shadow:\n      0 0 7px var(--pink),\n      0 0 10px var(--pink),\n      0 0 21px var(--pink),\n      0 0 42px var(--pink),\n      0 0 82px var(--pink),\n      0 0 92px var(--pink),\n      0 0 102px var(--pink),\n      0 0 151px var(--pink);\n      animation: flicker 1.5s infinite alternate;\n  }\n  \n  @keyframes flicker {\n  0%, 18%, 22%, 25%, 53%, 57%, 100% {\n\n      text-shadow:\n      0 0 7px var(--pink),\n      0 0 10px var(--pink),\n      0 0 92px var(--pink),\n      0 0 102px var(--pink),\n      0 0 151px var(--pink);\n  \n  }\n \n  20%, 24%, 55% {        \n      text-shadow: none;\n  }    \n}\n<\/style>\n\n<h1 class=\"neonTitle\">\n    UMBRELLA SKY\n<\/h1>\t\t\t\t<\/div>\n\t\t\t\t<\/div>\n\t\t\t\t<\/a>\n\t\t\t\t<\/div>\n\t\t\t\t\t<\/div>\n\t\t\t\t<\/div>\n\t\t<div class=\"elementor-element elementor-element-0457277 e-flex e-con-boxed e-con e-parent\" data-id=\"0457277\" data-element_type=\"container\" data-e-type=\"container\" data-settings=\"{&quot;background_background&quot;:&quot;classic&quot;}\">\n\t\t\t\t\t<div class=\"e-con-inner\">\n\t\t\t\t<div class=\"elementor-element elementor-element-8deb4c1 elementor-widget elementor-widget-heading\" data-id=\"8deb4c1\" data-element_type=\"widget\" data-e-type=\"widget\" data-widget_type=\"heading.default\">\n\t\t\t\t<div class=\"elementor-widget-container\">\n\t\t\t\t\t<h2 class=\"elementor-heading-title elementor-size-default\">Impressum<\/h2>\t\t\t\t<\/div>\n\t\t\t\t<\/div>\n\t\t\t\t<div class=\"elementor-element elementor-element-8814d05 elementor-widget elementor-widget-text-editor\" data-id=\"8814d05\" data-element_type=\"widget\" data-e-type=\"widget\" data-widget_type=\"text-editor.default\">\n\t\t\t\t<div class=\"elementor-widget-container\">\n\t\t\t\t\t\t\t\t\t<p><strong>Umbrella Sky Band<\/strong><\/p><p>Thorsten Tooren<br \/>Noortmer Chaussee 46<br \/>26789 Leer<\/p><p>Tel. 0491 13783<\/p><p>\u00a0<\/p><p><strong>Inhaltlich Verantwortlicher gem\u00e4\u00df \u00a7 10 Absatz 3 MDStV:<\/strong> Thorsten Tooren (Anschrift wie oben)<\/p><p><strong>Rechtliche Hinweise zur Webseite<\/strong><br \/>Alle Texte, Bilder und weitere hier ver\u00f6ffentlichten Informationen unterliegen dem Urheberrecht des Seitenbetreibers, soweit nicht Urheberrechte Dritter bestehen. In jedem Fall ist eine Vervielf\u00e4ltigung, Verbreitung oder \u00f6ffentliche Wiedergabe ausschlie\u00dflich im Falle einer widerruflichen und nicht \u00fcbertragbaren Zustimmung des Seitenbetreibers gestattet.Linksetzungen, welche auf die Inhalte der vorliegenden Website verweisen, bed\u00fcrfen der Zustimmung des Seitenbetreibers. Eine solche Zustimmung ist bei jeder grundlegenden Ver\u00e4nderung des Webseiteninhaltes neu zu beantragen, sie kann jederzeit formlos widerrufen werden. Eine Verlinkung auf illegale, anst\u00f6\u00dfige, irref\u00fchrende, diffamierende oder nicht jugendfreie Inhalte ist in jedem Fall ausgeschlossen.<br \/>Die Inhalte unserer Webseite werden mit gr\u00f6\u00dfter Sorgfalt erstellt. Dennoch kann keine Garantie f\u00fcr Aktualit\u00e4t und Vollst\u00e4ndigkeit \u00fcbernommen werden.<\/p><p>F\u00fcr alle mittels Querverweis (Link) verbundene Webinhalte \u00fcbernimmt der Seitenbetreiber keine Verantwortung, da es sich dabei um keine eigenen Inhalte handelt. Externe Links wurden auf rechtswidrige Inhalte \u00fcberpr\u00fcft, zum jeweiligen Zeitpunkt waren solche nicht erkennbar. Bez\u00fcglich fremder Inhalte besteht jedoch keine allgemeine \u00dcberwachungs- und Pr\u00fcfungspflicht.<\/p>\t\t\t\t\t\t\t\t<\/div>\n\t\t\t\t<\/div>\n\t\t\t\t\t<\/div>\n\t\t\t\t<\/div>\n\t\t<div class=\"elementor-element elementor-element-b3c53d9 e-flex e-con-boxed e-con e-parent\" data-id=\"b3c53d9\" data-element_type=\"container\" data-e-type=\"container\" data-settings=\"{&quot;background_background&quot;:&quot;classic&quot;}\">\n\t\t\t\t\t<div class=\"e-con-inner\">\n\t\t<div class=\"elementor-element elementor-element-f082694 e-con-full e-flex e-con e-child\" data-id=\"f082694\" data-element_type=\"container\" data-e-type=\"container\">\n\t\t\t\t<div class=\"elementor-element elementor-element-e3359d4 elementor-widget elementor-widget-heading\" data-id=\"e3359d4\" data-element_type=\"widget\" data-e-type=\"widget\" data-widget_type=\"heading.default\">\n\t\t\t\t<div class=\"elementor-widget-container\">\n\t\t\t\t\t<h2 class=\"elementor-heading-title elementor-size-default\"><a href=\"https:\/\/umbrella-sky.band\/index.php\/impressum\/\">Impressum<\/a><\/h2>\t\t\t\t<\/div>\n\t\t\t\t<\/div>\n\t\t\t\t<div class=\"elementor-element elementor-element-70a15cc elementor-widget elementor-widget-heading\" data-id=\"70a15cc\" data-element_type=\"widget\" data-e-type=\"widget\" data-widget_type=\"heading.default\">\n\t\t\t\t<div class=\"elementor-widget-container\">\n\t\t\t\t\t<h2 class=\"elementor-heading-title elementor-size-default\"><a href=\"https:\/\/umbrella-sky.band\/index.php\/datenschutz\/\">Datenschutz<\/a><\/h2>\t\t\t\t<\/div>\n\t\t\t\t<\/div>\n\t\t\t\t<div class=\"elementor-element elementor-element-f6593ec elementor-widget elementor-widget-heading\" data-id=\"f6593ec\" data-element_type=\"widget\" data-e-type=\"widget\" data-widget_type=\"heading.default\">\n\t\t\t\t<div class=\"elementor-widget-container\">\n\t\t\t\t\t<h2 class=\"elementor-heading-title elementor-size-default\"><a href=\"https:\/\/umbrella-sky.band\/index.php\/cookie-richtlinie-eu\/\">Cookie-Richtlinien<\/a><\/h2>\t\t\t\t<\/div>\n\t\t\t\t<\/div>\n\t\t\t\t<\/div>\n\t\t<div class=\"elementor-element elementor-element-94fc022 e-con-full e-flex e-con e-child\" data-id=\"94fc022\" data-element_type=\"container\" data-e-type=\"container\">\n\t\t\t\t<div class=\"elementor-element elementor-element-702fbe2 elementor-widget elementor-widget-heading\" data-id=\"702fbe2\" data-element_type=\"widget\" data-e-type=\"widget\" data-widget_type=\"heading.default\">\n\t\t\t\t<div class=\"elementor-widget-container\">\n\t\t\t\t\t<h2 class=\"elementor-heading-title elementor-size-default\">Kontakt<\/h2>\t\t\t\t<\/div>\n\t\t\t\t<\/div>\n\t\t\t\t<div class=\"elementor-element elementor-element-c847745 elementor-icon-list--layout-traditional elementor-list-item-link-full_width elementor-widget elementor-widget-icon-list\" data-id=\"c847745\" data-element_type=\"widget\" data-e-type=\"widget\" data-widget_type=\"icon-list.default\">\n\t\t\t\t<div class=\"elementor-widget-container\">\n\t\t\t\t\t\t\t<ul class=\"elementor-icon-list-items\">\n\t\t\t\t\t\t\t<li class=\"elementor-icon-list-item\">\n\t\t\t\t\t\t\t\t\t\t\t<a href=\"tel:+4949113783\">\n\n\t\t\t\t\t\t\t\t\t\t\t\t<span class=\"elementor-icon-list-icon\">\n\t\t\t\t\t\t\t<svg aria-hidden=\"true\" class=\"e-font-icon-svg e-fas-phone-alt\" viewBox=\"0 0 512 512\" xmlns=\"http:\/\/www.w3.org\/2000\/svg\"><path d=\"M497.39 361.8l-112-48a24 24 0 0 0-28 6.9l-49.6 60.6A370.66 370.66 0 0 1 130.6 204.11l60.6-49.6a23.94 23.94 0 0 0 6.9-28l-48-112A24.16 24.16 0 0 0 122.6.61l-104 24A24 24 0 0 0 0 48c0 256.5 207.9 464 464 464a24 24 0 0 0 23.4-18.6l24-104a24.29 24.29 0 0 0-14.01-27.6z\"><\/path><\/svg>\t\t\t\t\t\t<\/span>\n\t\t\t\t\t\t\t\t\t\t<span class=\"elementor-icon-list-text\">0491-13783<\/span>\n\t\t\t\t\t\t\t\t\t\t\t<\/a>\n\t\t\t\t\t\t\t\t\t<\/li>\n\t\t\t\t\t\t<\/ul>\n\t\t\t\t\t\t<\/div>\n\t\t\t\t<\/div>\n\t\t\t\t<\/div>\n\t\t\t\t\t<\/div>\n\t\t\t\t<\/div>\n\t\t\t\t<\/div>\n\t\t","protected":false},"excerpt":{"rendered":"<p>UMBRELLA SKY Impressum Umbrella Sky Band Thorsten ToorenNoortmer Chaussee 4626789 Leer Tel. 0491 13783 \u00a0 Inhaltlich Verantwortlicher gem\u00e4\u00df \u00a7 10 Absatz 3 MDStV: Thorsten Tooren (Anschrift wie oben) Rechtliche Hinweise zur WebseiteAlle Texte, Bilder und weitere hier ver\u00f6ffentlichten Informationen unterliegen dem Urheberrecht des Seitenbetreibers, soweit nicht Urheberrechte Dritter bestehen. In jedem Fall ist eine Vervielf\u00e4ltigung, [&hellip;]<\/p>\n","protected":false},"author":1,"featured_media":0,"parent":0,"menu_order":0,"comment_status":"closed","ping_status":"closed","template":"elementor_canvas","meta":{"footnotes":""},"class_list":["post-527","page","type-page","status-publish","hentry"],"_links":{"self":[{"href":"https:\/\/umbrella-sky.band\/index.php\/wp-json\/wp\/v2\/pages\/527","targetHints":{"allow":["GET"]}}],"collection":[{"href":"https:\/\/umbrella-sky.band\/index.php\/wp-json\/wp\/v2\/pages"}],"about":[{"href":"https:\/\/umbrella-sky.band\/index.php\/wp-json\/wp\/v2\/types\/page"}],"author":[{"embeddable":true,"href":"https:\/\/umbrella-sky.band\/index.php\/wp-json\/wp\/v2\/users\/1"}],"replies":[{"embeddable":true,"href":"https:\/\/umbrella-sky.band\/index.php\/wp-json\/wp\/v2\/comments?post=527"}],"version-history":[{"count":51,"href":"https:\/\/umbrella-sky.band\/index.php\/wp-json\/wp\/v2\/pages\/527\/revisions"}],"predecessor-version":[{"id":1106,"href":"https:\/\/umbrella-sky.band\/index.php\/wp-json\/wp\/v2\/pages\/527\/revisions\/1106"}],"wp:attachment":[{"href":"https:\/\/umbrella-sky.band\/index.php\/wp-json\/wp\/v2\/media?parent=527"}],"curies":[{"name":"wp","href":"https:\/\/api.w.org\/{rel}","templated":true}]}}