{"id":1246,"date":"2025-07-19T20:33:01","date_gmt":"2025-07-19T20:33:01","guid":{"rendered":"https:\/\/umbrella-sky.band\/?page_id=1246"},"modified":"2025-11-10T10:03:50","modified_gmt":"2025-11-10T10:03:50","slug":"lions-zollhaus-2025","status":"publish","type":"page","link":"https:\/\/umbrella-sky.band\/index.php\/events-und-auftritte\/lions-zollhaus-2025\/","title":{"rendered":"Benefiz-Party der Lions &#8211; Zollhaus Leer, Nov 2025"},"content":{"rendered":"\t\t<div data-elementor-type=\"wp-page\" data-elementor-id=\"1246\" class=\"elementor elementor-1246\">\n\t\t\t\t<div class=\"elementor-element elementor-element-cdcd4b5 e-flex e-con-boxed e-con e-parent\" data-id=\"cdcd4b5\" data-element_type=\"container\" data-e-type=\"container\">\n\t\t\t\t\t<div class=\"e-con-inner\">\n\t\t<div class=\"elementor-element elementor-element-804e673 e-con-full e-flex e-con e-child\" data-id=\"804e673\" data-element_type=\"container\" data-e-type=\"container\">\n\t\t<a class=\"elementor-element elementor-element-f351237 e-con-full e-flex e-con e-child\" data-id=\"f351237\" data-element_type=\"container\" data-e-type=\"container\" href=\"https:\/\/umbrella-sky.band\/\">\n\t\t\t\t<div class=\"elementor-element elementor-element-202ca0a elementor-widget elementor-widget-image\" data-id=\"202ca0a\" data-element_type=\"widget\" data-e-type=\"widget\" data-widget_type=\"image.default\">\n\t\t\t\t<div class=\"elementor-widget-container\">\n\t\t\t\t\t\t\t\t\t\t\t\t\t\t\t<img fetchpriority=\"high\" decoding=\"async\" width=\"600\" height=\"350\" src=\"https:\/\/umbrella-sky.band\/wp-content\/uploads\/2024\/10\/umbrella_light.png\" class=\"attachment-full size-full wp-image-701\" alt=\"\" srcset=\"https:\/\/umbrella-sky.band\/wp-content\/uploads\/2024\/10\/umbrella_light.png 600w, https:\/\/umbrella-sky.band\/wp-content\/uploads\/2024\/10\/umbrella_light-300x175.png 300w\" sizes=\"(max-width: 600px) 100vw, 600px\" \/>\t\t\t\t\t\t\t\t\t\t\t\t\t\t\t<\/div>\n\t\t\t\t<\/div>\n\t\t\t\t<div class=\"elementor-element elementor-element-1ae0119 elementor-widget-mobile__width-initial elementor-widget elementor-widget-html\" data-id=\"1ae0119\" data-element_type=\"widget\" data-e-type=\"widget\" data-widget_type=\"html.default\">\n\t\t\t\t<div class=\"elementor-widget-container\">\n\t\t\t\t\t<style>\n:root {\n    --pink_lighter: #ff47ce;\n    --pink_washed: #FF90E1;\n    --pink: #f301b1;\n    --pink_darker: #a8007b;\n}\n\n  .neonTitle {\n      z-index: -1;\n      font-size: 43px;\n      font-weight: 700;\n      font-family: \"Stencil Outline\";\n    color: var(--pink_washed);\n    text-shadow:\n      0 0 7px var(--pink),\n      0 0 10px var(--pink),\n      0 0 21px var(--pink),\n      0 0 42px var(--pink),\n      0 0 82px var(--pink),\n      0 0 92px var(--pink),\n      0 0 102px var(--pink),\n      0 0 151px var(--pink);\n      animation: flicker 1.5s infinite alternate;\n  }\n  \n  @keyframes flicker {\n  0%, 18%, 22%, 25%, 53%, 57%, 100% {\n\n      text-shadow:\n      0 0 7px var(--pink),\n      0 0 10px var(--pink),\n      0 0 92px var(--pink),\n      0 0 102px var(--pink),\n      0 0 151px var(--pink);\n  \n  }\n \n  20%, 24%, 55% {        \n      text-shadow: none;\n  }    \n}\n<\/style>\n\n<h1 class=\"neonTitle\">\n    UMBRELLA SKY\n<\/h1>\t\t\t\t<\/div>\n\t\t\t\t<\/div>\n\t\t\t\t<\/a>\n\t\t\t\t<\/div>\n\t\t\t\t\t<\/div>\n\t\t\t\t<\/div>\n\t\t<div class=\"elementor-element elementor-element-34a1ffa e-flex e-con-boxed e-con e-parent\" data-id=\"34a1ffa\" data-element_type=\"container\" data-e-type=\"container\" data-settings=\"{&quot;background_background&quot;:&quot;classic&quot;}\">\n\t\t\t\t\t<div class=\"e-con-inner\">\n\t\t<div class=\"elementor-element elementor-element-5f2f2db e-con-full e-flex e-con e-child\" data-id=\"5f2f2db\" data-element_type=\"container\" data-e-type=\"container\">\n\t\t\t\t<div class=\"elementor-element elementor-element-641035e elementor-icon-list--layout-inline elementor-align-center elementor-list-item-link-full_width elementor-widget elementor-widget-icon-list\" data-id=\"641035e\" data-element_type=\"widget\" data-e-type=\"widget\" data-widget_type=\"icon-list.default\">\n\t\t\t\t<div class=\"elementor-widget-container\">\n\t\t\t\t\t\t\t<ul class=\"elementor-icon-list-items elementor-inline-items\">\n\t\t\t\t\t\t\t<li class=\"elementor-icon-list-item elementor-inline-item\">\n\t\t\t\t\t\t\t\t\t\t\t<span class=\"elementor-icon-list-icon\">\n\t\t\t\t\t\t\t<svg aria-hidden=\"true\" class=\"e-font-icon-svg e-fas-music\" viewBox=\"0 0 512 512\" xmlns=\"http:\/\/www.w3.org\/2000\/svg\"><path d=\"M470.38 1.51L150.41 96A32 32 0 0 0 128 126.51v261.41A139 139 0 0 0 96 384c-53 0-96 28.66-96 64s43 64 96 64 96-28.66 96-64V214.32l256-75v184.61a138.4 138.4 0 0 0-32-3.93c-53 0-96 28.66-96 64s43 64 96 64 96-28.65 96-64V32a32 32 0 0 0-41.62-30.49z\"><\/path><\/svg>\t\t\t\t\t\t<\/span>\n\t\t\t\t\t\t\t\t\t\t<span class=\"elementor-icon-list-text\">Benefiz-Party der Lions im Zollhaus Leer<\/span>\n\t\t\t\t\t\t\t\t\t<\/li>\n\t\t\t\t\t\t\t\t<li class=\"elementor-icon-list-item elementor-inline-item\">\n\t\t\t\t\t\t\t\t\t\t\t<span class=\"elementor-icon-list-icon\">\n\t\t\t\t\t\t\t<svg aria-hidden=\"true\" class=\"e-font-icon-svg e-fas-map-pin\" viewBox=\"0 0 288 512\" xmlns=\"http:\/\/www.w3.org\/2000\/svg\"><path d=\"M112 316.94v156.69l22.02 33.02c4.75 7.12 15.22 7.12 19.97 0L176 473.63V316.94c-10.39 1.92-21.06 3.06-32 3.06s-21.61-1.14-32-3.06zM144 0C64.47 0 0 64.47 0 144s64.47 144 144 144 144-64.47 144-144S223.53 0 144 0zm0 76c-37.5 0-68 30.5-68 68 0 6.62-5.38 12-12 12s-12-5.38-12-12c0-50.73 41.28-92 92-92 6.62 0 12 5.38 12 12s-5.38 12-12 12z\"><\/path><\/svg>\t\t\t\t\t\t<\/span>\n\t\t\t\t\t\t\t\t\t\t<span class=\"elementor-icon-list-text\">Zolhaus Gro\u00dfer Saal, Leer<\/span>\n\t\t\t\t\t\t\t\t\t<\/li>\n\t\t\t\t\t\t\t\t<li class=\"elementor-icon-list-item elementor-inline-item\">\n\t\t\t\t\t\t\t\t\t\t\t<span class=\"elementor-icon-list-icon\">\n\t\t\t\t\t\t\t<svg aria-hidden=\"true\" class=\"e-font-icon-svg e-fas-calendar-alt\" viewBox=\"0 0 448 512\" xmlns=\"http:\/\/www.w3.org\/2000\/svg\"><path d=\"M0 464c0 26.5 21.5 48 48 48h352c26.5 0 48-21.5 48-48V192H0v272zm320-196c0-6.6 5.4-12 12-12h40c6.6 0 12 5.4 12 12v40c0 6.6-5.4 12-12 12h-40c-6.6 0-12-5.4-12-12v-40zm0 128c0-6.6 5.4-12 12-12h40c6.6 0 12 5.4 12 12v40c0 6.6-5.4 12-12 12h-40c-6.6 0-12-5.4-12-12v-40zM192 268c0-6.6 5.4-12 12-12h40c6.6 0 12 5.4 12 12v40c0 6.6-5.4 12-12 12h-40c-6.6 0-12-5.4-12-12v-40zm0 128c0-6.6 5.4-12 12-12h40c6.6 0 12 5.4 12 12v40c0 6.6-5.4 12-12 12h-40c-6.6 0-12-5.4-12-12v-40zM64 268c0-6.6 5.4-12 12-12h40c6.6 0 12 5.4 12 12v40c0 6.6-5.4 12-12 12H76c-6.6 0-12-5.4-12-12v-40zm0 128c0-6.6 5.4-12 12-12h40c6.6 0 12 5.4 12 12v40c0 6.6-5.4 12-12 12H76c-6.6 0-12-5.4-12-12v-40zM400 64h-48V16c0-8.8-7.2-16-16-16h-32c-8.8 0-16 7.2-16 16v48H160V16c0-8.8-7.2-16-16-16h-32c-8.8 0-16 7.2-16 16v48H48C21.5 64 0 85.5 0 112v48h448v-48c0-26.5-21.5-48-48-48z\"><\/path><\/svg>\t\t\t\t\t\t<\/span>\n\t\t\t\t\t\t\t\t\t\t<span class=\"elementor-icon-list-text\">07. Nov 2025<\/span>\n\t\t\t\t\t\t\t\t\t<\/li>\n\t\t\t\t\t\t<\/ul>\n\t\t\t\t\t\t<\/div>\n\t\t\t\t<\/div>\n\t\t<div class=\"elementor-element elementor-element-7dc1dc5 e-con-full e-flex e-con e-child\" data-id=\"7dc1dc5\" data-element_type=\"container\" data-e-type=\"container\">\n\t\t\t\t<\/div>\n\t\t\t\t<div class=\"elementor-element elementor-element-a5cbccc elementor-widget elementor-widget-image-gallery\" data-id=\"a5cbccc\" data-element_type=\"widget\" data-e-type=\"widget\" data-widget_type=\"image-gallery.default\">\n\t\t\t\t<div class=\"elementor-widget-container\">\n\t\t\t\t\t\t\t<div class=\"elementor-image-gallery\">\n\t\t\t<div id='gallery-1' class='gallery galleryid-1246 gallery-columns-1 gallery-size-large'><figure class='gallery-item'>\n\t\t\t<div class='gallery-icon landscape'>\n\t\t\t\t<a data-elementor-open-lightbox=\"yes\" data-elementor-lightbox-slideshow=\"a5cbccc\" data-e-action-hash=\"#elementor-action%3Aaction%3Dlightbox%26settings%3DeyJpZCI6MTMwMSwidXJsIjoiaHR0cHM6XC9cL3VtYnJlbGxhLXNreS5iYW5kXC93cC1jb250ZW50XC91cGxvYWRzXC8yMDI1XC8xMVwvem9sbGhhdXMyMDI1LmpwZyIsInNsaWRlc2hvdyI6ImE1Y2JjY2MifQ%3D%3D\" href='https:\/\/umbrella-sky.band\/wp-content\/uploads\/2025\/11\/zollhaus2025.jpg'><img decoding=\"async\" width=\"800\" height=\"370\" src=\"https:\/\/umbrella-sky.band\/wp-content\/uploads\/2025\/11\/zollhaus2025-1024x473.jpg\" class=\"attachment-large size-large\" alt=\"\" srcset=\"https:\/\/umbrella-sky.band\/wp-content\/uploads\/2025\/11\/zollhaus2025-1024x473.jpg 1024w, https:\/\/umbrella-sky.band\/wp-content\/uploads\/2025\/11\/zollhaus2025-300x139.jpg 300w, https:\/\/umbrella-sky.band\/wp-content\/uploads\/2025\/11\/zollhaus2025-768x355.jpg 768w, https:\/\/umbrella-sky.band\/wp-content\/uploads\/2025\/11\/zollhaus2025-1536x710.jpg 1536w, https:\/\/umbrella-sky.band\/wp-content\/uploads\/2025\/11\/zollhaus2025.jpg 2048w\" sizes=\"(max-width: 800px) 100vw, 800px\" \/><\/a>\n\t\t\t<\/div><\/figure>\n\t\t<\/div>\n\t\t<\/div>\n\t\t\t\t\t\t<\/div>\n\t\t\t\t<\/div>\n\t\t\t\t<div class=\"elementor-element elementor-element-60e6144 elementor-widget elementor-widget-text-editor\" data-id=\"60e6144\" data-element_type=\"widget\" data-e-type=\"widget\" data-widget_type=\"text-editor.default\">\n\t\t\t\t<div class=\"elementor-widget-container\">\n\t\t\t\t\t\t\t\t\t<p>Der Lions CLub Leer\/Ems-Leda-J\u00fcmme veranstaltet allj\u00e4hrlich eine gro\u00dfe Benefiz-Party im Leeraner Zollhaus. Drei Live-Bands und eine DJane sorgen f\u00fcr Stimmung und Tanz.<br \/><br \/>Nach dem Auftritt der sagenhaften TGG-Big-Band &#8222;Groove Gang&#8220; und den Jungs von &#8222;Couple of New&#8220; durften wir unsere 45 Minuten abliefern &#8211; und es hat uns sehr viel Spa\u00df gemacht. Wir danken den Lions f\u00fcr den tollen Auftrag in der tollen Location. Dem Team vom Zollhaus sagen wir ebenfalls ein dickes Dankesch\u00f6n!<\/p><p>Wie immer spielten wir auch an diesem Abend f\u00fcr den guten Zweck &#8211; alle Spenden gehen direkt an die Suppenk\u00fcche der Christuskirche in Leer, die Obdachlosen jeden Sonntag eine warme Mahlzeit anbietet.<\/p>\t\t\t\t\t\t\t\t<\/div>\n\t\t\t\t<\/div>\n\t\t\t\t<\/div>\n\t\t\t\t\t<\/div>\n\t\t\t\t<\/div>\n\t\t<div class=\"elementor-element elementor-element-01a85be e-flex e-con-boxed e-con e-parent\" data-id=\"01a85be\" data-element_type=\"container\" data-e-type=\"container\" data-settings=\"{&quot;background_background&quot;:&quot;classic&quot;}\">\n\t\t\t\t\t<div class=\"e-con-inner\">\n\t\t<div class=\"elementor-element elementor-element-4e2beb4 e-con-full e-flex e-con e-child\" data-id=\"4e2beb4\" data-element_type=\"container\" data-e-type=\"container\">\n\t\t\t\t<div class=\"elementor-element elementor-element-9c37c3a elementor-widget elementor-widget-heading\" data-id=\"9c37c3a\" data-element_type=\"widget\" data-e-type=\"widget\" data-widget_type=\"heading.default\">\n\t\t\t\t<div class=\"elementor-widget-container\">\n\t\t\t\t\t<h2 class=\"elementor-heading-title elementor-size-default\"><a href=\"https:\/\/umbrella-sky.band\/index.php\/impressum\/\">Impressum<\/a><\/h2>\t\t\t\t<\/div>\n\t\t\t\t<\/div>\n\t\t\t\t<div class=\"elementor-element elementor-element-a2eb44e elementor-widget elementor-widget-heading\" data-id=\"a2eb44e\" data-element_type=\"widget\" data-e-type=\"widget\" data-widget_type=\"heading.default\">\n\t\t\t\t<div class=\"elementor-widget-container\">\n\t\t\t\t\t<h2 class=\"elementor-heading-title elementor-size-default\"><a href=\"https:\/\/umbrella-sky.band\/index.php\/datenschutz\/\">Datenschutz<\/a><\/h2>\t\t\t\t<\/div>\n\t\t\t\t<\/div>\n\t\t\t\t<div class=\"elementor-element elementor-element-81bda17 elementor-widget elementor-widget-heading\" data-id=\"81bda17\" data-element_type=\"widget\" data-e-type=\"widget\" data-widget_type=\"heading.default\">\n\t\t\t\t<div class=\"elementor-widget-container\">\n\t\t\t\t\t<h2 class=\"elementor-heading-title elementor-size-default\"><a href=\"https:\/\/umbrella-sky.band\/index.php\/cookie-richtlinie-eu\/\">Cookie-Richtlinien<\/a><\/h2>\t\t\t\t<\/div>\n\t\t\t\t<\/div>\n\t\t\t\t<\/div>\n\t\t<div class=\"elementor-element elementor-element-97cab96 e-con-full e-flex e-con e-child\" data-id=\"97cab96\" data-element_type=\"container\" data-e-type=\"container\">\n\t\t\t\t<div class=\"elementor-element elementor-element-35c5f24 elementor-widget elementor-widget-heading\" data-id=\"35c5f24\" data-element_type=\"widget\" data-e-type=\"widget\" data-widget_type=\"heading.default\">\n\t\t\t\t<div class=\"elementor-widget-container\">\n\t\t\t\t\t<h2 class=\"elementor-heading-title elementor-size-default\">Kontakt<\/h2>\t\t\t\t<\/div>\n\t\t\t\t<\/div>\n\t\t\t\t<div class=\"elementor-element elementor-element-19fdc17 elementor-icon-list--layout-traditional elementor-list-item-link-full_width elementor-widget elementor-widget-icon-list\" data-id=\"19fdc17\" data-element_type=\"widget\" data-e-type=\"widget\" data-widget_type=\"icon-list.default\">\n\t\t\t\t<div class=\"elementor-widget-container\">\n\t\t\t\t\t\t\t<ul class=\"elementor-icon-list-items\">\n\t\t\t\t\t\t\t<li class=\"elementor-icon-list-item\">\n\t\t\t\t\t\t\t\t\t\t\t<a href=\"tel:+4949113783\">\n\n\t\t\t\t\t\t\t\t\t\t\t\t<span class=\"elementor-icon-list-icon\">\n\t\t\t\t\t\t\t<svg aria-hidden=\"true\" class=\"e-font-icon-svg e-fas-phone-alt\" viewBox=\"0 0 512 512\" xmlns=\"http:\/\/www.w3.org\/2000\/svg\"><path d=\"M497.39 361.8l-112-48a24 24 0 0 0-28 6.9l-49.6 60.6A370.66 370.66 0 0 1 130.6 204.11l60.6-49.6a23.94 23.94 0 0 0 6.9-28l-48-112A24.16 24.16 0 0 0 122.6.61l-104 24A24 24 0 0 0 0 48c0 256.5 207.9 464 464 464a24 24 0 0 0 23.4-18.6l24-104a24.29 24.29 0 0 0-14.01-27.6z\"><\/path><\/svg>\t\t\t\t\t\t<\/span>\n\t\t\t\t\t\t\t\t\t\t<span class=\"elementor-icon-list-text\">0491-13783<\/span>\n\t\t\t\t\t\t\t\t\t\t\t<\/a>\n\t\t\t\t\t\t\t\t\t<\/li>\n\t\t\t\t\t\t<\/ul>\n\t\t\t\t\t\t<\/div>\n\t\t\t\t<\/div>\n\t\t\t\t<\/div>\n\t\t\t\t\t<\/div>\n\t\t\t\t<\/div>\n\t\t<div class=\"elementor-element elementor-element-52917a3 e-flex e-con-boxed e-con e-parent\" data-id=\"52917a3\" data-element_type=\"container\" data-e-type=\"container\">\n\t\t\t\t\t<div class=\"e-con-inner\">\n\t\t\t\t\t<\/div>\n\t\t\t\t<\/div>\n\t\t\t\t<\/div>\n\t\t","protected":false},"excerpt":{"rendered":"<p>UMBRELLA SKY Benefiz-Party der Lions im Zollhaus Leer Zolhaus Gro\u00dfer Saal, Leer 07. Nov 2025 Der Lions CLub Leer\/Ems-Leda-J\u00fcmme veranstaltet allj\u00e4hrlich eine gro\u00dfe Benefiz-Party im Leeraner Zollhaus. Drei Live-Bands und eine DJane sorgen f\u00fcr Stimmung und Tanz. Nach dem Auftritt der sagenhaften TGG-Big-Band &#8222;Groove Gang&#8220; und den Jungs von &#8222;Couple of New&#8220; durften wir unsere [&hellip;]<\/p>\n","protected":false},"author":2,"featured_media":0,"parent":814,"menu_order":0,"comment_status":"closed","ping_status":"closed","template":"elementor_canvas","meta":{"footnotes":""},"class_list":["post-1246","page","type-page","status-publish","hentry"],"_links":{"self":[{"href":"https:\/\/umbrella-sky.band\/index.php\/wp-json\/wp\/v2\/pages\/1246","targetHints":{"allow":["GET"]}}],"collection":[{"href":"https:\/\/umbrella-sky.band\/index.php\/wp-json\/wp\/v2\/pages"}],"about":[{"href":"https:\/\/umbrella-sky.band\/index.php\/wp-json\/wp\/v2\/types\/page"}],"author":[{"embeddable":true,"href":"https:\/\/umbrella-sky.band\/index.php\/wp-json\/wp\/v2\/users\/2"}],"replies":[{"embeddable":true,"href":"https:\/\/umbrella-sky.band\/index.php\/wp-json\/wp\/v2\/comments?post=1246"}],"version-history":[{"count":46,"href":"https:\/\/umbrella-sky.band\/index.php\/wp-json\/wp\/v2\/pages\/1246\/revisions"}],"predecessor-version":[{"id":1333,"href":"https:\/\/umbrella-sky.band\/index.php\/wp-json\/wp\/v2\/pages\/1246\/revisions\/1333"}],"up":[{"embeddable":true,"href":"https:\/\/umbrella-sky.band\/index.php\/wp-json\/wp\/v2\/pages\/814"}],"wp:attachment":[{"href":"https:\/\/umbrella-sky.band\/index.php\/wp-json\/wp\/v2\/media?parent=1246"}],"curies":[{"name":"wp","href":"https:\/\/api.w.org\/{rel}","templated":true}]}}